
{"id":2023,"date":"2015-11-27T11:06:18","date_gmt":"2015-11-27T11:06:18","guid":{"rendered":"http:\/\/libero.mikado-themes.com\/?page_id=2023"},"modified":"2022-06-08T08:27:31","modified_gmt":"2022-06-08T08:27:31","slug":"asesoria-fiscal","status":"publish","type":"page","link":"https:\/\/www.gestionamos64.com\/?page_id=2023","title":{"rendered":"Asesor\u00eda Fiscal"},"content":{"rendered":"<p>[vc_row content_width=\u00bbgrid\u00bb triangle_shape=\u00bbno\u00bb css=\u00bb.vc_custom_1448622435421{padding-top: 95px !important;padding-bottom: 25px !important;}\u00bb][vc_column offset=\u00bbvc_col-lg-4 vc_col-md-4&#8243;]<\/p>\n<div class=\"mkd-iwt clearfix mkd-iwt-icon-left mkd-iwt-icon-circle mkd-iwt-icon-small\">\r\n    <div class=\"mkd-iwt-icon-holder\">\r\n                    \r\n    <span class=\"mkd-icon-shortcode circle mkd-icon-small mkd-icon-linked\"  data-hover-background-color=\"#2b2f3a\" >\r\n                    <a href=\"#\" target=\"_blank\">\r\n        \r\n        <i class=\"mkd-icon-simple-line-icon icon-badge mkd-icon-element\" style=\"\" ><\/i>\r\n                    <\/a>\r\n                <span  class=\"mkd-background\"><\/span>\r\n    <\/span>\r\n\r\n            <\/div>\r\n    <div class=\"mkd-iwt-content-holder\" >\r\n        <div class=\"mkd-iwt-title-holder\">\r\n            \t\t\t\t<h4 >\r\n\t\t\t\t\t\t\t\t\t\t\t<a href=\"#\">\r\n\t\t\t\t\tAltas y bajas en el censo de empresarios.\t\t\t\t\t\t<\/a>\r\n\t\t\t\t\t\t\t\t\t<\/h4>\r\n\t\t\t                    <\/div>\r\n        <div class=\"mkd-iwt-text-holder\">\r\n            <p ><\/p>\r\n        <\/div>\r\n    <\/div>\r\n<\/div>[vc_empty_space height=\u00bb70px\u00bb]<\/p>\n<div class=\"mkd-iwt clearfix mkd-iwt-icon-left mkd-iwt-icon-circle mkd-iwt-icon-small\">\r\n    <div class=\"mkd-iwt-icon-holder\">\r\n                    \r\n    <span class=\"mkd-icon-shortcode circle mkd-icon-small mkd-icon-linked\"  data-hover-background-color=\"#2b2f3a\" >\r\n                    <a href=\"#\" target=\"_blank\">\r\n        \r\n        <i class=\"mkd-icon-simple-line-icon icon-calender mkd-icon-element\" style=\"\" ><\/i>\r\n                    <\/a>\r\n                <span  class=\"mkd-background\"><\/span>\r\n    <\/span>\r\n\r\n            <\/div>\r\n    <div class=\"mkd-iwt-content-holder\" >\r\n        <div class=\"mkd-iwt-title-holder\">\r\n            \t\t\t\t<h4 >\r\n\t\t\t\t\t\t\t\t\t\t\t<a href=\"#\">\r\n\t\t\t\t\tRedacci\u00f3n y presentaci\u00f3n de recursos en v\u00eda administrativa.\t\t\t\t\t\t<\/a>\r\n\t\t\t\t\t\t\t\t\t<\/h4>\r\n\t\t\t                    <\/div>\r\n        <div class=\"mkd-iwt-text-holder\">\r\n            <p ><\/p>\r\n        <\/div>\r\n    <\/div>\r\n<\/div>[vc_empty_space height=\u00bb70px\u00bb]<\/p>\n<div class=\"mkd-iwt clearfix mkd-iwt-icon-left mkd-iwt-icon-circle mkd-iwt-icon-small\">\r\n    <div class=\"mkd-iwt-icon-holder\">\r\n                    \r\n    <span class=\"mkd-icon-shortcode circle mkd-icon-small mkd-icon-linked\"  data-hover-background-color=\"#2b2f3a\" >\r\n                    <a href=\"#\" target=\"_blank\">\r\n        \r\n        <i class=\"mkd-icon-simple-line-icon icon-briefcase mkd-icon-element\" style=\"\" ><\/i>\r\n                    <\/a>\r\n                <span  class=\"mkd-background\"><\/span>\r\n    <\/span>\r\n\r\n            <\/div>\r\n    <div class=\"mkd-iwt-content-holder\" >\r\n        <div class=\"mkd-iwt-title-holder\">\r\n            \t\t\t\t<h4 >\r\n\t\t\t\t\t\t\t\t\t\t\t<a href=\"#\">\r\n\t\t\t\t\tAlta en I.A.E. y licencias de apertura.\t\t\t\t\t\t<\/a>\r\n\t\t\t\t\t\t\t\t\t<\/h4>\r\n\t\t\t                    <\/div>\r\n        <div class=\"mkd-iwt-text-holder\">\r\n            <p ><\/p>\r\n        <\/div>\r\n    <\/div>\r\n<\/div>[vc_empty_space height=\u00bb70px\u00bb]<\/p>\n<div class=\"mkd-iwt clearfix mkd-iwt-icon-left mkd-iwt-icon-circle mkd-iwt-icon-small\">\r\n    <div class=\"mkd-iwt-icon-holder\">\r\n                    \r\n    <span class=\"mkd-icon-shortcode circle mkd-icon-small mkd-icon-linked\"  data-hover-background-color=\"#2b2f3a\" >\r\n                    <a href=\"#\" target=\"_blank\">\r\n        \r\n        <i class=\"mkd-icon-simple-line-icon icon-chart mkd-icon-element\" style=\"\" ><\/i>\r\n                    <\/a>\r\n                <span  class=\"mkd-background\"><\/span>\r\n    <\/span>\r\n\r\n            <\/div>\r\n    <div class=\"mkd-iwt-content-holder\" >\r\n        <div class=\"mkd-iwt-title-holder\">\r\n            \t\t\t\t<h4 >\r\n\t\t\t\t\t\t\t\t\t\t\t<a href=\"#\">\r\n\t\t\t\t\tSubvenciones.\t\t\t\t\t\t<\/a>\r\n\t\t\t\t\t\t\t\t\t<\/h4>\r\n\t\t\t                    <\/div>\r\n        <div class=\"mkd-iwt-text-holder\">\r\n            <p ><\/p>\r\n        <\/div>\r\n    <\/div>\r\n<\/div>[vc_empty_space height=\u00bb70px\u00bb]<\/p>\n<div class=\"mkd-iwt clearfix mkd-iwt-icon-left mkd-iwt-icon-circle mkd-iwt-icon-small\">\r\n    <div class=\"mkd-iwt-icon-holder\">\r\n                    \r\n    <span class=\"mkd-icon-shortcode circle mkd-icon-small mkd-icon-linked\"  data-hover-background-color=\"#2b2f3a\" >\r\n                    <a href=\"#\" target=\"_blank\">\r\n        \r\n        <i class=\"mkd-icon-simple-line-icon icon-bulb mkd-icon-element\" style=\"\" ><\/i>\r\n                    <\/a>\r\n                <span  class=\"mkd-background\"><\/span>\r\n    <\/span>\r\n\r\n            <\/div>\r\n    <div class=\"mkd-iwt-content-holder\" >\r\n        <div class=\"mkd-iwt-title-holder\">\r\n            \t\t\t\t<h4 >\r\n\t\t\t\t\t\t\t\t\t\t\t<a href=\"#\">\r\n\t\t\t\t\tLiquidaci\u00f3n de I.R.P.F., I.V.A., retenciones, etc.\t\t\t\t\t\t<\/a>\r\n\t\t\t\t\t\t\t\t\t<\/h4>\r\n\t\t\t                    <\/div>\r\n        <div class=\"mkd-iwt-text-holder\">\r\n            <p ><\/p>\r\n        <\/div>\r\n    <\/div>\r\n<\/div>[vc_empty_space height=\u00bb70px\u00bb][\/vc_column][vc_column offset=\u00bbvc_col-lg-4 vc_col-md-4&#8243;]<\/p>\n<div class=\"mkd-iwt clearfix mkd-iwt-icon-left mkd-iwt-icon-circle mkd-iwt-icon-small\">\r\n    <div class=\"mkd-iwt-icon-holder\">\r\n                    \r\n    <span class=\"mkd-icon-shortcode circle mkd-icon-small mkd-icon-linked\"  data-hover-background-color=\"#2b2f3a\" >\r\n                    <a href=\"#\" target=\"_blank\">\r\n        \r\n        <i class=\"mkd-icon-simple-line-icon icon-clock mkd-icon-element\" style=\"\" ><\/i>\r\n                    <\/a>\r\n                <span  class=\"mkd-background\"><\/span>\r\n    <\/span>\r\n\r\n            <\/div>\r\n    <div class=\"mkd-iwt-content-holder\" >\r\n        <div class=\"mkd-iwt-title-holder\">\r\n            \t\t\t\t<h4 >\r\n\t\t\t\t\t\t\t\t\t\t\t<a href=\"#\">\r\n\t\t\t\t\tDeclaraciones de la renta, Impuesto de sociedades, Impuestos de Transmisiones, etc.\t\t\t\t\t\t<\/a>\r\n\t\t\t\t\t\t\t\t\t<\/h4>\r\n\t\t\t                    <\/div>\r\n        <div class=\"mkd-iwt-text-holder\">\r\n            <p ><\/p>\r\n        <\/div>\r\n    <\/div>\r\n<\/div>[vc_empty_space height=\u00bb70px\u00bb]<\/p>\n<div class=\"mkd-iwt clearfix mkd-iwt-icon-left mkd-iwt-icon-circle mkd-iwt-icon-small\">\r\n    <div class=\"mkd-iwt-icon-holder\">\r\n                    \r\n    <span class=\"mkd-icon-shortcode circle mkd-icon-small mkd-icon-linked\"  data-hover-background-color=\"#2b2f3a\" >\r\n                    <a href=\"#\" target=\"_blank\">\r\n        \r\n        <i class=\"mkd-icon-simple-line-icon icon-calculator mkd-icon-element\" style=\"\" ><\/i>\r\n                    <\/a>\r\n                <span  class=\"mkd-background\"><\/span>\r\n    <\/span>\r\n\r\n            <\/div>\r\n    <div class=\"mkd-iwt-content-holder\" >\r\n        <div class=\"mkd-iwt-title-holder\">\r\n            \t\t\t\t<h4 >\r\n\t\t\t\t\t\t\t\t\t\t\t<a href=\"#\">\r\n\t\t\t\t\tConfecci\u00f3n y presentaci\u00f3n de todo tipo de declaraciones de impuestos (AEAT, XUNTA, CONCELLOS, \u2026 ).\t\t\t\t\t\t<\/a>\r\n\t\t\t\t\t\t\t\t\t<\/h4>\r\n\t\t\t                    <\/div>\r\n        <div class=\"mkd-iwt-text-holder\">\r\n            <p ><\/p>\r\n        <\/div>\r\n    <\/div>\r\n<\/div>[vc_empty_space height=\u00bb70px\u00bb]<\/p>\n<div class=\"mkd-iwt clearfix mkd-iwt-icon-left mkd-iwt-icon-circle mkd-iwt-icon-small\">\r\n    <div class=\"mkd-iwt-icon-holder\">\r\n                    \r\n    <span class=\"mkd-icon-shortcode circle mkd-icon-small mkd-icon-linked\"  data-hover-background-color=\"#2b2f3a\" >\r\n                    <a href=\"#\" target=\"_blank\">\r\n        \r\n        <i class=\"mkd-icon-simple-line-icon icon-calculator mkd-icon-element\" style=\"\" ><\/i>\r\n                    <\/a>\r\n                <span  class=\"mkd-background\"><\/span>\r\n    <\/span>\r\n\r\n            <\/div>\r\n    <div class=\"mkd-iwt-content-holder\" >\r\n        <div class=\"mkd-iwt-title-holder\">\r\n            \t\t\t\t<h4 >\r\n\t\t\t\t\t\t\t\t\t\t\t<a href=\"#\">\r\n\t\t\t\t\tAtenci\u00f3n ante las diferentes administraciones p\u00fablicas (AEAT, XUNTA, CONCELLOS) de todo tipo de requerimientos de inspecci\u00f3n y\/o gesti\u00f3n tributaria.\t\t\t\t\t\t<\/a>\r\n\t\t\t\t\t\t\t\t\t<\/h4>\r\n\t\t\t                    <\/div>\r\n        <div class=\"mkd-iwt-text-holder\">\r\n            <p ><\/p>\r\n        <\/div>\r\n    <\/div>\r\n<\/div>[vc_empty_space height=\u00bb70px\u00bb][\/vc_column][vc_column offset=\u00bbvc_col-lg-4 vc_col-md-4&#8243;]<\/p>\n<div class=\"mkd-iwt clearfix mkd-iwt-icon-left mkd-iwt-icon-circle mkd-iwt-icon-small\">\r\n    <div class=\"mkd-iwt-icon-holder\">\r\n                    \r\n    <span class=\"mkd-icon-shortcode circle mkd-icon-small mkd-icon-linked\"  data-hover-background-color=\"#2b2f3a\" >\r\n                    <a href=\"#\" target=\"_blank\">\r\n        \r\n        <i class=\"mkd-icon-simple-line-icon icon-compass mkd-icon-element\" style=\"\" ><\/i>\r\n                    <\/a>\r\n                <span  class=\"mkd-background\"><\/span>\r\n    <\/span>\r\n\r\n            <\/div>\r\n    <div class=\"mkd-iwt-content-holder\" >\r\n        <div class=\"mkd-iwt-title-holder\">\r\n            \t\t\t\t<h4 >\r\n\t\t\t\t\t\t\t\t\t\t\t<a href=\"#\">\r\n\t\t\t\t\tAtenci\u00f3n de requerimientos en gesti\u00f3n tributaria, asistencia a inspecci\u00f3n fiscal.\t\t\t\t\t\t<\/a>\r\n\t\t\t\t\t\t\t\t\t<\/h4>\r\n\t\t\t                    <\/div>\r\n        <div class=\"mkd-iwt-text-holder\">\r\n            <p ><\/p>\r\n        <\/div>\r\n    <\/div>\r\n<\/div>[vc_empty_space height=\u00bb70px\u00bb]<\/p>\n<div class=\"mkd-iwt clearfix mkd-iwt-icon-left mkd-iwt-icon-circle mkd-iwt-icon-small\">\r\n    <div class=\"mkd-iwt-icon-holder\">\r\n                    \r\n    <span class=\"mkd-icon-shortcode circle mkd-icon-small mkd-icon-linked\"  data-hover-background-color=\"#2b2f3a\" >\r\n                    <a href=\"#\" target=\"_blank\">\r\n        \r\n        <i class=\"mkd-icon-simple-line-icon icon-calender mkd-icon-element\" style=\"\" ><\/i>\r\n                    <\/a>\r\n                <span  class=\"mkd-background\"><\/span>\r\n    <\/span>\r\n\r\n            <\/div>\r\n    <div class=\"mkd-iwt-content-holder\" >\r\n        <div class=\"mkd-iwt-title-holder\">\r\n            \t\t\t\t<h4 >\r\n\t\t\t\t\t\t\t\t\t\t\t<a href=\"#\">\r\n\t\t\t\t\tFiscalidad de asociaciones, fundaciones.\t\t\t\t\t\t<\/a>\r\n\t\t\t\t\t\t\t\t\t<\/h4>\r\n\t\t\t                    <\/div>\r\n        <div class=\"mkd-iwt-text-holder\">\r\n            <p ><\/p>\r\n        <\/div>\r\n    <\/div>\r\n<\/div>[vc_empty_space height=\u00bb70px\u00bb]<\/p>\n<div class=\"mkd-iwt clearfix mkd-iwt-icon-left mkd-iwt-icon-circle mkd-iwt-icon-small\">\r\n    <div class=\"mkd-iwt-icon-holder\">\r\n                    \r\n    <span class=\"mkd-icon-shortcode circle mkd-icon-small mkd-icon-linked\"  data-hover-background-color=\"#2b2f3a\" >\r\n                    <a href=\"#\" target=\"_blank\">\r\n        \r\n        <i class=\"mkd-icon-simple-line-icon icon-docs mkd-icon-element\" style=\"\" ><\/i>\r\n                    <\/a>\r\n                <span  class=\"mkd-background\"><\/span>\r\n    <\/span>\r\n\r\n            <\/div>\r\n    <div class=\"mkd-iwt-content-holder\" >\r\n        <div class=\"mkd-iwt-title-holder\">\r\n            \t\t\t\t<h4 >\r\n\t\t\t\t\t\t\t\t\t\t\t<a href=\"#\">\r\n\t\t\t\t\tTributaci\u00f3n de no residentes.\t\t\t\t\t\t<\/a>\r\n\t\t\t\t\t\t\t\t\t<\/h4>\r\n\t\t\t                    <\/div>\r\n        <div class=\"mkd-iwt-text-holder\">\r\n            <p ><\/p>\r\n        <\/div>\r\n    <\/div>\r\n<\/div>[vc_empty_space height=\u00bb70px\u00bb]<\/p>\n<div class=\"mkd-iwt clearfix mkd-iwt-icon-left mkd-iwt-icon-circle mkd-iwt-icon-small\">\r\n    <div class=\"mkd-iwt-icon-holder\">\r\n                    \r\n    <span class=\"mkd-icon-shortcode circle mkd-icon-small mkd-icon-linked\"  data-hover-background-color=\"#2b2f3a\" >\r\n                    <a href=\"#\" target=\"_blank\">\r\n        \r\n        <i class=\"mkd-icon-simple-line-icon icon-chart mkd-icon-element\" style=\"\" ><\/i>\r\n                    <\/a>\r\n                <span  class=\"mkd-background\"><\/span>\r\n    <\/span>\r\n\r\n            <\/div>\r\n    <div class=\"mkd-iwt-content-holder\" >\r\n        <div class=\"mkd-iwt-title-holder\">\r\n            \t\t\t\t<h4 >\r\n\t\t\t\t\t\t\t\t\t\t\t<a href=\"#\">\r\n\t\t\t\t\tPlanificaci\u00f3n fiscal.\t\t\t\t\t\t<\/a>\r\n\t\t\t\t\t\t\t\t\t<\/h4>\r\n\t\t\t                    <\/div>\r\n        <div class=\"mkd-iwt-text-holder\">\r\n            <p ><\/p>\r\n        <\/div>\r\n    <\/div>\r\n<\/div>[vc_empty_space height=\u00bb70px\u00bb]<\/p>\n<p>[\/vc_column][\/vc_row]<\/p>\n","protected":false},"excerpt":{"rendered":"<p>[vc_row content_width=\u00bbgrid\u00bb triangle_shape=\u00bbno\u00bb css=\u00bb.vc_custom_1448622435421{padding-top: 95px !important;padding-bottom: 25px !important;}\u00bb][vc_column offset=\u00bbvc_col-lg-4 vc_col-md-4&#8243;] [vc_empty_space height=\u00bb70px\u00bb] [vc_empty_space height=\u00bb70px\u00bb] [vc_empty_space height=\u00bb70px\u00bb] [vc_empty_space height=\u00bb70px\u00bb] [vc_empty_space height=\u00bb70px\u00bb][\/vc_column][vc_column offset=\u00bbvc_col-lg-4 vc_col-md-4&#8243;] [vc_empty_space height=\u00bb70px\u00bb] [vc_empty_space height=\u00bb70px\u00bb] [vc_empty_space height=\u00bb70px\u00bb][\/vc_column][vc_column offset=\u00bbvc_col-lg-4 vc_col-md-4&#8243;] [vc_empty_space height=\u00bb70px\u00bb] [vc_empty_space height=\u00bb70px\u00bb] [vc_empty_space height=\u00bb70px\u00bb] [vc_empty_space height=\u00bb70px\u00bb] [\/vc_column][\/vc_row]<\/p>\n","protected":false},"author":1,"featured_media":0,"parent":0,"menu_order":0,"comment_status":"closed","ping_status":"closed","template":"full-width.php","meta":{"footnotes":""},"class_list":["post-2023","page","type-page","status-publish","hentry"],"_links":{"self":[{"href":"https:\/\/www.gestionamos64.com\/index.php?rest_route=\/wp\/v2\/pages\/2023","targetHints":{"allow":["GET"]}}],"collection":[{"href":"https:\/\/www.gestionamos64.com\/index.php?rest_route=\/wp\/v2\/pages"}],"about":[{"href":"https:\/\/www.gestionamos64.com\/index.php?rest_route=\/wp\/v2\/types\/page"}],"author":[{"embeddable":true,"href":"https:\/\/www.gestionamos64.com\/index.php?rest_route=\/wp\/v2\/users\/1"}],"replies":[{"embeddable":true,"href":"https:\/\/www.gestionamos64.com\/index.php?rest_route=%2Fwp%2Fv2%2Fcomments&post=2023"}],"version-history":[{"count":18,"href":"https:\/\/www.gestionamos64.com\/index.php?rest_route=\/wp\/v2\/pages\/2023\/revisions"}],"predecessor-version":[{"id":3107,"href":"https:\/\/www.gestionamos64.com\/index.php?rest_route=\/wp\/v2\/pages\/2023\/revisions\/3107"}],"wp:attachment":[{"href":"https:\/\/www.gestionamos64.com\/index.php?rest_route=%2Fwp%2Fv2%2Fmedia&parent=2023"}],"curies":[{"name":"wp","href":"https:\/\/api.w.org\/{rel}","templated":true}]}}