
{"id":3057,"date":"2016-03-22T17:08:10","date_gmt":"2016-03-22T17:08:10","guid":{"rendered":"http:\/\/www.gestionamos64.com\/?page_id=3057"},"modified":"2020-09-18T16:35:58","modified_gmt":"2020-09-18T16:35:58","slug":"seguros","status":"publish","type":"page","link":"https:\/\/www.gestionamos64.com\/?page_id=3057","title":{"rendered":"Seguros"},"content":{"rendered":"<p>[vc_row content_width=\u00bbgrid\u00bb triangle_shape=\u00bbno\u00bb css=\u00bb.vc_custom_1447926565788{padding-top: 70px !important;}\u00bb][vc_column offset=\u00bbvc_col-lg-9 vc_col-md-12&#8243;][vc_column_text]\r\n<span class=\"mkd-dropcaps mkd-normal\" style=\"color: #c18f59\">\r\n\tN<\/span>uestros profesionales examinan exhaustivamente las necesidades de cada cliente para prestar as\u00ed un asesoramiento en el que formulamos una recomendaci\u00f3n conforme a criterios profesionales sobre la idoneidad de un contrato de seguro.[\/vc_column_text][vc_empty_space height=\u00bb25px\u00bb][vc_column_text]<\/p>\n<p>Informamos al cliente sobre las condiciones del contrato que, a nuestro&nbsp;juicio, conviene suscribir y que ofrece la cobertura que mejor se adapte a sus necesidades. Tambi\u00e9n velaremos por que la p\u00f3liza re\u00fana los requisitos necesarios para su eficacia.<\/p>\n<p>[\/vc_column_text][vc_empty_space height=\u00bb25px\u00bb][vc_column_text]Igualmente, facilitamos al cliente toda la informaci\u00f3n que requiera sobre el contrato suscrito durante toda la vigencia de \u00e9ste y, en caso de siniestro, a prestarles su asistencia y asesoramiento.[\/vc_column_text][vc_empty_space height=\u00bb25px\u00bb]<\/p>\n<p>[vc_column_text]Algunos de los seguros que ofrecemos:[\/vc_column_text][vc_empty_space height=\u00bb25px\u00bb][vc_column_text]<\/p>\n<p><strong>Particulares:<\/strong><\/p>\n<ul>\n<li>Autos.<\/li>\n<li>Hogar.<\/li>\n<li>vida.<\/li>\n<li>Salud.<\/li>\n<\/ul>\n<p>[\/vc_column_text][vc_empty_space height=\u00bb25px\u00bb][vc_column_text]<\/p>\n<p><strong>Empresas:<\/strong><\/p>\n<ul>\n<li>Responsabilidad Civil.<\/li>\n<li>Accidentes Convenio.<\/li>\n<li>Comercios.<\/li>\n<li>Baja diaria.<\/li>\n<\/ul>\n<p>[\/vc_column_text][vc_empty_space height=\u00bb25px\u00bb][vc_column_text]<\/p>\n<p>&nbsp;<\/p>\n<p>[\/vc_column_text][vc_empty_space height=\u00bb25px\u00bb]<\/p>\n<p>[\/vc_column][\/vc_row]<\/p>\n","protected":false},"excerpt":{"rendered":"<p>[vc_row content_width=\u00bbgrid\u00bb triangle_shape=\u00bbno\u00bb css=\u00bb.vc_custom_1447926565788{padding-top: 70px !important;}\u00bb][vc_column offset=\u00bbvc_col-lg-9 vc_col-md-12&#8243;][vc_column_text]uestros profesionales examinan exhaustivamente las necesidades de cada cliente para prestar as\u00ed un asesoramiento en el que formulamos una recomendaci\u00f3n conforme a criterios profesionales sobre la idoneidad de un contrato de seguro.[\/vc_column_text][vc_empty_space height=\u00bb25px\u00bb][vc_column_text] Informamos al cliente sobre las condiciones del contrato que, a nuestro&nbsp;juicio, conviene suscribir y que ofrece la cobertura que mejor se adapte a sus necesidades. Tambi\u00e9n velaremos por que la p\u00f3liza re\u00fana los requisitos necesarios para su eficacia. [\/vc_column_text][vc_empty_space height=\u00bb25px\u00bb][vc_column_text]Igualmente, facilitamos al cliente toda la informaci\u00f3n que requiera sobre el contrato suscrito durante toda la vigencia de \u00e9ste y, en&#8230;<\/p>\n","protected":false},"author":1,"featured_media":0,"parent":0,"menu_order":0,"comment_status":"closed","ping_status":"closed","template":"full-width.php","meta":{"footnotes":""},"class_list":["post-3057","page","type-page","status-publish","hentry"],"_links":{"self":[{"href":"https:\/\/www.gestionamos64.com\/index.php?rest_route=\/wp\/v2\/pages\/3057","targetHints":{"allow":["GET"]}}],"collection":[{"href":"https:\/\/www.gestionamos64.com\/index.php?rest_route=\/wp\/v2\/pages"}],"about":[{"href":"https:\/\/www.gestionamos64.com\/index.php?rest_route=\/wp\/v2\/types\/page"}],"author":[{"embeddable":true,"href":"https:\/\/www.gestionamos64.com\/index.php?rest_route=\/wp\/v2\/users\/1"}],"replies":[{"embeddable":true,"href":"https:\/\/www.gestionamos64.com\/index.php?rest_route=%2Fwp%2Fv2%2Fcomments&post=3057"}],"version-history":[{"count":8,"href":"https:\/\/www.gestionamos64.com\/index.php?rest_route=\/wp\/v2\/pages\/3057\/revisions"}],"predecessor-version":[{"id":3254,"href":"https:\/\/www.gestionamos64.com\/index.php?rest_route=\/wp\/v2\/pages\/3057\/revisions\/3254"}],"wp:attachment":[{"href":"https:\/\/www.gestionamos64.com\/index.php?rest_route=%2Fwp%2Fv2%2Fmedia&parent=3057"}],"curies":[{"name":"wp","href":"https:\/\/api.w.org\/{rel}","templated":true}]}}