
{"id":3139,"date":"2016-04-04T07:40:00","date_gmt":"2016-04-04T07:40:00","guid":{"rendered":"http:\/\/www.gestionamos64.com\/?page_id=3139"},"modified":"2024-04-01T11:39:58","modified_gmt":"2024-04-01T11:39:58","slug":"politica-de-cookies","status":"publish","type":"page","link":"https:\/\/www.gestionamos64.com\/?page_id=3139","title":{"rendered":"Pol\u00edtica de cookies"},"content":{"rendered":"<p><strong>POL\u00cdTICA DE COOKIES<\/strong><\/p>\n<p>En GESTIONAMOS64, S.L. utilizamos las cookies u otros archivos de funcionalidad similar (en adelante, \u201ccookies\u201d) para prestarle un mejor servicio y proporcionarle una mejor experiencia de navegaci\u00f3n. GESTIONAMOS64, S.L. es responsable de las cookies y del tratamiento de los datos obtenidos a trav\u00e9s de estas, ya sean propias o de terceros, decidiendo sobre la finalidad, contenido y uso del tratamiento de la informaci\u00f3n recabada.<\/p>\n<p>El objetivo de esta pol\u00edtica es informarle de manera clara y detallada de qu\u00e9 es una cookie, cu\u00e1l es su finalidad, qu\u00e9 tipo de cookies utilizamos y c\u00f3mo configurarlas o en su caso deshabilitarlas.<\/p>\n<p><strong>\u00bfQU\u00c9 SON LAS COOKIES?<\/strong><\/p>\n<p>Una cookie es un fichero que se descarga en su ordenador al acceder a determinadas p\u00e1ginas web. Las cookies permiten a una p\u00e1gina web, entre otras cosas, almacenar y recuperar informaci\u00f3n sobre h\u00e1bitos de navegaci\u00f3n de un usuario o un equipo y, dependiendo de la informaci\u00f3n que contengan y de la forma que utilice su equipo, pueden utilizarse para conocer al usuario.<\/p>\n<p>Una cookie es un peque\u00f1o archivo de texto que se almacena en su navegador cuando visita nuestra p\u00e1gina web y que guarda informaci\u00f3n sobre la navegaci\u00f3n que realiza para hacer m\u00e1s eficiente la experiencia de usuario. Algunas cookies resultan esenciales para el buen funcionamiento de las p\u00e1ginas web, como es el caso de las cookies t\u00e9cnicas o de personalizaci\u00f3n de la interfaz de usuario, aunque otras, como las cookies de an\u00e1lisis o las de publicidad comportamental, requieren que le informemos y recabar el consentimiento sobre su uso.<\/p>\n<p>A continuaci\u00f3n, y con el objetivo de que pueda prestar un consentimiento plenamente informado, le detallamos la informaci\u00f3n de en qu\u00e9 consiste y cu\u00e1l es la finalidad de cada tipo de cookie<\/p>\n<p>Las <strong>cookies t\u00e9cnicas<\/strong> son aquellas que permiten al usuario la navegaci\u00f3n a trav\u00e9s de una p\u00e1gina web, plataforma o aplicaci\u00f3n y la utilizaci\u00f3n de las diferentes opciones o servicios que en ella existan, incluyendo la gesti\u00f3n y operativa de la p\u00e1gina web y habilitar sus funciones y servicios, como, por ejemplo, identificar la sesi\u00f3n, acceder a partes de acceso restringido, recordar los elementos que integran un pedido, realizar el proceso de compra de un pedido, gestionar el pago, \u2026 La p\u00e1gina web no puede funcionar adecuadamente sin estas cookies por lo que se consideran necesarias.<\/p>\n<p>Las <strong>cookies de preferencias<\/strong> o <strong>personalizaci\u00f3n<\/strong> permiten a la p\u00e1gina web recordar informaci\u00f3n que cambia la forma en que la p\u00e1gina se comporta o el aspecto que tiene de modo que el usuario acceda al servicio con determinadas caracter\u00edsticas que pueden diferenciar su experiencia de la de otros usuarios, como, por ejemplo, el idioma, el n\u00famero de resultados a mostrar cuando el usuario realiza una b\u00fasqueda o la regi\u00f3n en la que el usuario se encuentra. Si es el propio usuario quien elige esas caracter\u00edsticas, por ejemplo, marcando la bandera del idioma, se considera un servicio expresamente solicitado siempre y cuando las cookies obedezcan exclusivamente a la finalidad seleccionada de personalizaci\u00f3n.<\/p>\n<p>Las <strong>cookies de an\u00e1lisis<\/strong> o <strong>medici\u00f3n<\/strong> son aquellas que permiten comprender c\u00f3mo interact\u00faan los visitantes con las p\u00e1ginas web y as\u00ed realizar el an\u00e1lisis estad\u00edstico del uso que hacen los usuarios de la web de los servicios prestados. La informaci\u00f3n recogida se utiliza en la medici\u00f3n de la actividad de los sitios web o aplicaci\u00f3n con el fin de introducir mejoras en los productos y servicios ofrecidos por el responsable.<\/p>\n<p>Las <strong>cookies de marketing<\/strong> o <strong>publicidad comportamental<\/strong> almacenan informaci\u00f3n del comportamiento de los usuarios obtenida a trav\u00e9s de la observaci\u00f3n continuada de sus h\u00e1bitos de navegaci\u00f3n, lo que permite desarrollar un perfil espec\u00edfico para mostrar anuncios relevantes y atractivos para el usuario individual, y por lo tanto, m\u00e1s valiosos para los terceros anunciantes.<\/p>\n<p><strong><em>\u00bfPara qu\u00e9 utiliza las cookies esta p\u00e1gina web y cu\u00e1les son?<\/em><\/strong><\/p>\n<p>El detalle de las cookies utilizadas en esta p\u00e1gina web es el siguiente:<\/p>\n<table width=\"605\">\n<tbody>\n<tr>\n<td width=\"95\"><strong>COOKIE<\/strong><\/td>\n<td width=\"94\"><strong>TIPO<\/strong><\/td>\n<td width=\"416\"><strong>PROP\u00d3SITO<\/strong><\/td>\n<\/tr>\n<tr>\n<td width=\"95\"><strong>Google Analytics<\/strong><\/td>\n<td width=\"94\"><strong>De terceros<\/strong><\/td>\n<td width=\"416\">Recoger informaci\u00f3n sobre la navegaci\u00f3n de los usuarios por el sitio con el fin de conocer el origen de las visitas y otros datos similares a nivel estad\u00edstico. No obtiene datos de los nombres o apellidos de los usuarios ni de la direcci\u00f3n postal concreta desde donde se conectan.<\/td>\n<\/tr>\n<\/tbody>\n<\/table>\n<p><strong>\u00a0<\/strong><\/p>\n<p>Para las cookies de an\u00e1lisis y de publicidad necesitamos su consentimiento que podremos obtener si pulsa en el bot\u00f3n \u201cAcepto\u201d en el mensaje de informaci\u00f3n que se muestra al acceder a nuestra p\u00e1gina web.<\/p>\n<p>Si desactiva las cookies, podr\u00e1 seguir accediendo a la web pero puede que la navegaci\u00f3n por esta no sea \u00f3ptima y alguno de los servicios ofrecidos no funcionen correctamente.<\/p>\n<p>Si en un futuro GESTIONAMOS64, S.L. llegara a utilizar tipos de cookies diferentes a las contempladas en esta Pol\u00edtica de Cookies para prestar nuevos servicios o fuera necesario adaptarla a nuevas exigencias legislativas, se lo notificaremos.<\/p>\n<p><em>\u00a0<\/em><\/p>\n<p><strong><em>\u00bfC\u00f3mo puedo desactivar o eliminar las cookies?<\/em><\/strong><\/p>\n<p>Tenga en cuenta que, si acepta las cookies de terceros, deber\u00e1 eliminarlas desde las opciones del navegador o desde el sistema ofrecido por el propio tercero. Puede usted permitir, bloquear o eliminar las cookies instaladas en su equipo mediante la configuraci\u00f3n de las opciones del navegador instalado en su ordenador.<\/p>\n<ul>\n<li><a href=\"https:\/\/support.microsoft.com\/es-es\/help\/17442\/windows-internet-explorer-delete-manage-cookies\">Microsoft Internet Explorer<\/a>: men\u00fa Herramientas &gt; Opciones de Internet &gt; Privacidad &gt; Configuraci\u00f3n.<\/li>\n<li><a href=\"https:\/\/support.mozilla.org\/es\/kb\/habilitar-y-deshabilitar-cookies-sitios-web-rastrear-preferencias?redirectlocale=es&amp;redirectslug=habilitar-y-deshabilitar-cookies-que-los-sitios-we\">Firefox<\/a>: men\u00fa Herramientas &gt; Opciones &gt; Privacidad &gt; Cookies.<\/li>\n<li><a href=\"https:\/\/support.google.com\/accounts\/answer\/61416?hl=es\">Chrome<\/a>: men\u00fa Opciones &gt; Opciones avanzadas &gt; Privacidad.<\/li>\n<li><a href=\"https:\/\/support.apple.com\/es-es\/guide\/safari\/sfri11471\/mac\">Safari:<\/a> men\u00fa Preferencias\/Privacidad.<\/li>\n<li><a href=\"https:\/\/support.apple.com\/es-es\/HT201265\">Safari para IOS<\/a> (iPhone y iPad): Opci\u00f3n Ajustes &gt; Safari<\/li>\n<li><a href=\"https:\/\/support.google.com\/chrome\/answer\/95647?co=GENIE.Platform%3DAndroid&amp;hl=es-419\">Chrome para Android<\/a>: Configuraci\u00f3n &gt; Configuraci\u00f3n de sitios web &gt; Cookies<\/li>\n<li><strong>Otros navegadores<\/strong><strong>: <\/strong>consulte la documentaci\u00f3n del navegador que tenga instalado.<\/li>\n<\/ul>\n<p><strong><em>Transferencias de datos a terceros pa\u00edses<\/em><\/strong><\/p>\n<p>Puedes informarte de las transferencias a terceros pa\u00edses que, en su caso, realizan los terceros identificados en esta pol\u00edtica de cookies en sus correspondientes pol\u00edticas (ver los enlaces facilitados en el apartado \u201cCookies de terceros\u201d).<\/p>\n<p><strong><em>Elaboraci\u00f3n de perfiles<\/em><\/strong><\/p>\n<p>No se elaborar\u00e1 ning\u00fan tipo de \u201cperfil\u201d en base a la informaci\u00f3n facilitada ni se tomar\u00e1n decisiones automatizadas en base a perfiles<strong>. <\/strong><\/p>\n<p><strong><em>Periodo de conservaci\u00f3n de los datos<\/em><\/strong><\/p>\n<p>Las datos obtenidos a trav\u00e9s de las cookies se conservaran por un periodo m\u00e1ximo de 24 meses, tras dicho periodo volveremos a recabar su consentimiento.<\/p>\n<p><strong><em>Derechos de los interesados<\/em><\/strong><\/p>\n<p>Usted podr\u00e1 obtener m\u00e1s informaci\u00f3n sobre el tratamiento de datos de car\u00e1cter personal y de c\u00f3mo ejercer sus derechos consultado nuestra <em><u>pol\u00edtica de privacidad<\/u><\/em>.<\/p>\n","protected":false},"excerpt":{"rendered":"<p>POL\u00cdTICA DE COOKIES En GESTIONAMOS64, S.L. utilizamos las cookies u otros archivos de funcionalidad similar (en adelante, \u201ccookies\u201d) para prestarle un mejor servicio y proporcionarle una mejor experiencia de navegaci\u00f3n. GESTIONAMOS64, S.L. es responsable de las cookies y del tratamiento de los datos obtenidos a trav\u00e9s de estas, ya sean propias o de terceros, decidiendo sobre la finalidad, contenido y uso del tratamiento de la informaci\u00f3n recabada. El objetivo de esta pol\u00edtica es informarle de manera clara y detallada de qu\u00e9 es una cookie, cu\u00e1l es su finalidad, qu\u00e9 tipo de cookies utilizamos y c\u00f3mo configurarlas o en su caso&#8230;<\/p>\n","protected":false},"author":1,"featured_media":0,"parent":0,"menu_order":0,"comment_status":"closed","ping_status":"closed","template":"","meta":{"footnotes":""},"class_list":["post-3139","page","type-page","status-publish","hentry"],"_links":{"self":[{"href":"https:\/\/www.gestionamos64.com\/index.php?rest_route=\/wp\/v2\/pages\/3139","targetHints":{"allow":["GET"]}}],"collection":[{"href":"https:\/\/www.gestionamos64.com\/index.php?rest_route=\/wp\/v2\/pages"}],"about":[{"href":"https:\/\/www.gestionamos64.com\/index.php?rest_route=\/wp\/v2\/types\/page"}],"author":[{"embeddable":true,"href":"https:\/\/www.gestionamos64.com\/index.php?rest_route=\/wp\/v2\/users\/1"}],"replies":[{"embeddable":true,"href":"https:\/\/www.gestionamos64.com\/index.php?rest_route=%2Fwp%2Fv2%2Fcomments&post=3139"}],"version-history":[{"count":16,"href":"https:\/\/www.gestionamos64.com\/index.php?rest_route=\/wp\/v2\/pages\/3139\/revisions"}],"predecessor-version":[{"id":4877,"href":"https:\/\/www.gestionamos64.com\/index.php?rest_route=\/wp\/v2\/pages\/3139\/revisions\/4877"}],"wp:attachment":[{"href":"https:\/\/www.gestionamos64.com\/index.php?rest_route=%2Fwp%2Fv2%2Fmedia&parent=3139"}],"curies":[{"name":"wp","href":"https:\/\/api.w.org\/{rel}","templated":true}]}}