
{"id":845,"date":"2015-11-17T16:08:53","date_gmt":"2015-11-17T16:08:53","guid":{"rendered":"http:\/\/libero.mikado-themes.com\/?page_id=845"},"modified":"2024-07-24T10:35:11","modified_gmt":"2024-07-24T10:35:11","slug":"contacta","status":"publish","type":"page","link":"https:\/\/www.gestionamos64.com\/?page_id=845","title":{"rendered":"Contacta"},"content":{"rendered":"<p>[vc_row triangle_shape=\u00bbno\u00bb][vc_column]<iframe src=\"https:\/\/www.google.com\/maps\/embed?pb=!1m18!1m12!1m3!1d5815.537306872489!2d-8.694959424438975!3d43.21434147112633!2m3!1f0!2f0!3f0!3m2!1i1024!2i768!4f13.1!3m3!1m2!1s0xd2e9239db5524b9%3A0xe338358cb768f106!2zUi4gUGVyw7osIDE2LCAxNTEwMCBDYXJiYWxsbywgQSBDb3J1w7Fh!5e0!3m2!1ses!2ses!4v1721809879661!5m2!1ses!2ses\" width=\"1305\" height=\"450\" style=\"border:0;\" allowfullscreen=\"\" loading=\"lazy\" referrerpolicy=\"no-referrer-when-downgrade\"><\/iframe>\u00bb [\/vc_column][\/vc_row][vc_row content_width=\u00bbgrid\u00bb triangle_shape=\u00bbno\u00bb css=\u00bb.vc_custom_1447839811894{padding-top: 58px !important;padding-bottom: 23px !important;background-color: #f2f2f2 !important;}\u00bb][vc_column offset=\u00bbvc_col-lg-4 vc_col-md-4&#8243;][vc_column_text]<\/p>\n<h2>Oficinas<\/h2>\n<p>[\/vc_column_text]<div class=\"mkd-separator-holder clearfix  mkd-separator-center mkd-separator-full-width\" style=\"margin-top: -9px; margin-bottom: 0px; height: 0px\">\r\r\n\t<div class=\"mkd-separator\" style=\"border-color: rgba(255,255,255,0.01);border-bottom-width: 0px\"><\/div>\r\r\n<\/div>\r\r\n[vc_column_text]<\/p>\n<h5>Carballo<\/h5>\n<p>[\/vc_column_text][vc_empty_space height=\u00bb20px\u00bb][vc_single_image image=\u00bb2937&#8243; img_size=\u00bbfull\u00bb][vc_empty_space height=\u00bb20px\u00bb][vc_column_text]Per\u00fa 16 bajo, Carballo, A Coru\u00f1a[\/vc_column_text][vc_empty_space height=\u00bb55px\u00bb][\/vc_column][vc_column offset=\u00bbvc_col-lg-4 vc_col-md-4&#8243;][vc_column_text]<\/p>\n<h2>Escr\u00edbenos<\/h2>\n<p>[\/vc_column_text]<div class=\"mkd-separator-holder clearfix  mkd-separator-center mkd-separator-full-width\" style=\"margin-top: -9px; margin-bottom: 0px; height: 0px\">\r\r\n\t<div class=\"mkd-separator\" style=\"border-color: rgba(255,255,255,0.01);border-bottom-width: 0px\"><\/div>\r\r\n<\/div>\r\r\n[vc_column_text]<\/p>\n<h5>Formulario de contacto<\/h5>\n<p>[\/vc_column_text][vc_empty_space height=\u00bb20px\u00bb]<div class=\"wpforms-container wpforms-container-full\" id=\"wpforms-4836\"><form id=\"wpforms-form-4836\" class=\"wpforms-validate wpforms-form\" data-formid=\"4836\" method=\"post\" enctype=\"multipart\/form-data\" action=\"\/index.php?rest_route=%2Fwp%2Fv2%2Fpages%2F845\" data-token=\"1509b7d8870fd2b815e2579a8990e671\" data-token-time=\"1777404930\"><noscript class=\"wpforms-error-noscript\">Por favor, activa JavaScript en tu navegador para completar este formulario.<\/noscript><div class=\"wpforms-field-container\"><div id=\"wpforms-4836-field_0-container\" class=\"wpforms-field wpforms-field-name\" data-field-id=\"0\"><label class=\"wpforms-field-label\">Nombre <span class=\"wpforms-required-label\">*<\/span><\/label><div class=\"wpforms-field-row wpforms-field-medium\"><div class=\"wpforms-field-row-block wpforms-first wpforms-one-half\"><input type=\"text\" id=\"wpforms-4836-field_0\" class=\"wpforms-field-name-first wpforms-field-required\" name=\"wpforms[fields][0][first]\" required><label for=\"wpforms-4836-field_0\" class=\"wpforms-field-sublabel after\">Nombre<\/label><\/div><div class=\"wpforms-field-row-block wpforms-one-half\"><input type=\"text\" id=\"wpforms-4836-field_0-last\" class=\"wpforms-field-name-last wpforms-field-required\" name=\"wpforms[fields][0][last]\" required><label for=\"wpforms-4836-field_0-last\" class=\"wpforms-field-sublabel after\">Apellidos<\/label><\/div><\/div><\/div><div id=\"wpforms-4836-field_1-container\" class=\"wpforms-field wpforms-field-email\" data-field-id=\"1\"><label class=\"wpforms-field-label\" for=\"wpforms-4836-field_1\">Correo electr\u00f3nico <span class=\"wpforms-required-label\">*<\/span><\/label><input type=\"email\" id=\"wpforms-4836-field_1\" class=\"wpforms-field-medium wpforms-field-required\" name=\"wpforms[fields][1]\" spellcheck=\"false\" required><\/div><div id=\"wpforms-4836-field_3-container\" class=\"wpforms-field wpforms-field-text\" data-field-id=\"3\"><label class=\"wpforms-field-label\" for=\"wpforms-4836-field_3\">Asunto<\/label><input type=\"text\" id=\"wpforms-4836-field_3\" class=\"wpforms-field-medium\" name=\"wpforms[fields][3]\" ><\/div><div id=\"wpforms-4836-field_2-container\" class=\"wpforms-field wpforms-field-textarea\" data-field-id=\"2\"><label class=\"wpforms-field-label\" for=\"wpforms-4836-field_2\">Comentario o mensaje <span class=\"wpforms-required-label\">*<\/span><\/label><textarea id=\"wpforms-4836-field_2\" class=\"wpforms-field-medium wpforms-field-required\" name=\"wpforms[fields][2]\" required><\/textarea><\/div><div id=\"wpforms-4836-field_4-container\" class=\"wpforms-field wpforms-field-checkbox\" data-field-id=\"4\"><label class=\"wpforms-field-label\">De acuerdo a lo establecido en la legislaci\u00f3n vigente en materia de Protecci\u00f3n de Datos de Car\u00e1cter Personal, Reglamento 2016\/679 General de Protecci\u00f3n de Datos (RGPD) y la Ley Org\u00e1nica 3\/2018 de 5 de diciembre, de protecci\u00f3n de datos de car\u00e1cter personal y garant\u00eda de los derechos digitales (LOPDGDD), se le informa que los datos personales que nos facilite a trav\u00e9s de dicho formulario ser\u00e1n tratados por GESTIONAMOS 64 SL, con la finalidad de gestionar su solicitud y enviarle informaci\u00f3n m\u00e1s detallada. Para m\u00e1s informaci\u00f3n consultar la pol\u00edtica de privacidad. <span class=\"wpforms-required-label\">*<\/span><\/label><ul id=\"wpforms-4836-field_4\" class=\"wpforms-field-required\"><li class=\"choice-1 depth-1\"><input type=\"checkbox\" id=\"wpforms-4836-field_4_1\" name=\"wpforms[fields][4][]\" value=\"He le\u00eddo y acepto la pol\u00edtica de privacidad de GESTIONAMOS 64 SL.\" required ><label class=\"wpforms-field-label-inline\" for=\"wpforms-4836-field_4_1\">He le\u00eddo y acepto la pol\u00edtica de privacidad de GESTIONAMOS 64 SL.<\/label><\/li><\/ul><\/div><\/div><!-- .wpforms-field-container --><div class=\"wpforms-recaptcha-container wpforms-is-recaptcha wpforms-is-recaptcha-type-v2\" ><div class=\"g-recaptcha\" data-sitekey=\"6LeJQEEaAAAAAFP7xsiG7UJaXzURlkuOf6nVncqy\"><\/div><input type=\"text\" name=\"g-recaptcha-hidden\" class=\"wpforms-recaptcha-hidden\" style=\"position:absolute!important;clip:rect(0,0,0,0)!important;height:1px!important;width:1px!important;border:0!important;overflow:hidden!important;padding:0!important;margin:0!important;\" data-rule-recaptcha=\"1\"><\/div><div class=\"wpforms-submit-container\" ><input type=\"hidden\" name=\"wpforms[id]\" value=\"4836\"><input type=\"hidden\" name=\"page_title\" value=\"\"><input type=\"hidden\" name=\"page_url\" value=\"https:\/\/www.gestionamos64.com\/index.php?rest_route=\/wp\/v2\/pages\/845\"><input type=\"hidden\" name=\"url_referer\" value=\"\"><button type=\"submit\" name=\"wpforms[submit]\" id=\"wpforms-submit-4836\" class=\"wpforms-submit\" data-alt-text=\"Enviando...\" data-submit-text=\"Enviar\" aria-live=\"assertive\" value=\"wpforms-submit\">Enviar<\/button><\/div><\/form><\/div>  <!-- .wpforms-container -->[vc_empty_space height=\u00bb55px\u00bb][\/vc_column][vc_column offset=\u00bbvc_col-lg-4 vc_col-md-4&#8243;][vc_column_text]<\/p>\n<h2>Gestionamos 64<\/h2>\n<p>[\/vc_column_text]<div class=\"mkd-separator-holder clearfix  mkd-separator-center mkd-separator-full-width\" style=\"margin-top: -9px; margin-bottom: 0px; height: 0px\">\r\r\n\t<div class=\"mkd-separator\" style=\"border-color: rgba(255,255,255,0.01);border-bottom-width: 0px\"><\/div>\r\r\n<\/div>\r\r\n[vc_column_text]<\/p>\n<h5>Asesor\u00eda, gestor\u00eda, corredur\u00eda e inmuebles<\/h5>\n<p>[\/vc_column_text][vc_empty_space height=\u00bb14px\u00bb][vc_column_text]Profesionales consolidados con m\u00e1s de 25 a\u00f1os de experiencia y de reconocido prestigio en el sector. Ponte en las mejores manos.[\/vc_column_text][vc_empty_space height=\u00bb22px\u00bb][vc_column_text]Email<span style=\"color: #222222;\">:<\/span>\u00a0<span style=\"color: #c18f59;\">gestionamos@gestionamos64.com<\/span>[\/vc_column_text][vc_empty_space height=\u00bb25px\u00bb]\r\n<div class=\"mkd-icon-list-item\">\r\r\n\t<div class=\"mkd-icon-list-icon-holder\">\r\r\n        <div class=\"mkd-icon-list-icon-holder-inner clearfix\" data-icon-size=23>\r\r\n\t\t\t<i class=\"mkd-icon-simple-line-icon icon-earphones-alt \" style=\"color:#c18f59;font-size:23px\" ><\/i>\r\n\t\t<\/div>\r\r\n\t<\/div>\r\r\n\t<p class=\"mkd-icon-list-text\" style=\"color:#222222;font-size:27px;padding-left:8px\" data-title-size=27> 881 984 688<\/p>\r\r\n<\/div>[vc_empty_space height=\u00bb5px\u00bb]\r\n<div class=\"mkd-icon-list-item\">\r\r\n\t<div class=\"mkd-icon-list-icon-holder\">\r\r\n        <div class=\"mkd-icon-list-icon-holder-inner clearfix\" data-icon-size=23>\r\r\n\t\t\t<i class=\"mkd-icon-simple-line-icon icon-earphones-alt \" style=\"color:#c18f59;font-size:23px\" ><\/i>\r\n\t\t<\/div>\r\r\n\t<\/div>\r\r\n\t<p class=\"mkd-icon-list-text\" style=\"color:#222222;font-size:27px;padding-left:8px\" data-title-size=27> 619 109 624<\/p>\r\r\n<\/div>[vc_empty_space height=\u00bb30px\u00bb][vc_empty_space height=\u00bb25px\u00bb][\/vc_column][\/vc_row]<\/p>\n","protected":false},"excerpt":{"rendered":"<p>[vc_row triangle_shape=\u00bbno\u00bb][vc_column]\u00bb [\/vc_column][\/vc_row][vc_row content_width=\u00bbgrid\u00bb triangle_shape=\u00bbno\u00bb css=\u00bb.vc_custom_1447839811894{padding-top: 58px !important;padding-bottom: 23px !important;background-color: #f2f2f2 !important;}\u00bb][vc_column offset=\u00bbvc_col-lg-4 vc_col-md-4&#8243;][vc_column_text] Oficinas [\/vc_column_text][vc_column_text] Carballo [\/vc_column_text][vc_empty_space height=\u00bb20px\u00bb][vc_single_image image=\u00bb2937&#8243; img_size=\u00bbfull\u00bb][vc_empty_space height=\u00bb20px\u00bb][vc_column_text]Per\u00fa 16 bajo, Carballo, A Coru\u00f1a[\/vc_column_text][vc_empty_space height=\u00bb55px\u00bb][\/vc_column][vc_column offset=\u00bbvc_col-lg-4 vc_col-md-4&#8243;][vc_column_text] Escr\u00edbenos [\/vc_column_text][vc_column_text] Formulario de contacto [\/vc_column_text][vc_empty_space height=\u00bb20px\u00bb][vc_empty_space height=\u00bb55px\u00bb][\/vc_column][vc_column offset=\u00bbvc_col-lg-4 vc_col-md-4&#8243;][vc_column_text] Gestionamos 64 [\/vc_column_text][vc_column_text] Asesor\u00eda, gestor\u00eda, corredur\u00eda e inmuebles [\/vc_column_text][vc_empty_space height=\u00bb14px\u00bb][vc_column_text]Profesionales consolidados con m\u00e1s de 25 a\u00f1os de experiencia y de reconocido prestigio en el sector. Ponte en las mejores manos.[\/vc_column_text][vc_empty_space height=\u00bb22px\u00bb][vc_column_text]Email:\u00a0gestionamos@gestionamos64.com[\/vc_column_text][vc_empty_space height=\u00bb25px\u00bb][vc_empty_space height=\u00bb5px\u00bb][vc_empty_space height=\u00bb30px\u00bb][vc_empty_space height=\u00bb25px\u00bb][\/vc_column][\/vc_row]<\/p>\n","protected":false},"author":1,"featured_media":0,"parent":0,"menu_order":0,"comment_status":"closed","ping_status":"closed","template":"full-width.php","meta":{"footnotes":""},"class_list":["post-845","page","type-page","status-publish","hentry"],"_links":{"self":[{"href":"https:\/\/www.gestionamos64.com\/index.php?rest_route=\/wp\/v2\/pages\/845","targetHints":{"allow":["GET"]}}],"collection":[{"href":"https:\/\/www.gestionamos64.com\/index.php?rest_route=\/wp\/v2\/pages"}],"about":[{"href":"https:\/\/www.gestionamos64.com\/index.php?rest_route=\/wp\/v2\/types\/page"}],"author":[{"embeddable":true,"href":"https:\/\/www.gestionamos64.com\/index.php?rest_route=\/wp\/v2\/users\/1"}],"replies":[{"embeddable":true,"href":"https:\/\/www.gestionamos64.com\/index.php?rest_route=%2Fwp%2Fv2%2Fcomments&post=845"}],"version-history":[{"count":46,"href":"https:\/\/www.gestionamos64.com\/index.php?rest_route=\/wp\/v2\/pages\/845\/revisions"}],"predecessor-version":[{"id":4923,"href":"https:\/\/www.gestionamos64.com\/index.php?rest_route=\/wp\/v2\/pages\/845\/revisions\/4923"}],"wp:attachment":[{"href":"https:\/\/www.gestionamos64.com\/index.php?rest_route=%2Fwp%2Fv2%2Fmedia&parent=845"}],"curies":[{"name":"wp","href":"https:\/\/api.w.org\/{rel}","templated":true}]}}